{"id":576,"date":"2025-06-10T17:54:03","date_gmt":"2025-06-10T17:54:03","guid":{"rendered":"https:\/\/dyck.com.py\/?page_id=576"},"modified":"2025-07-23T18:35:26","modified_gmt":"2025-07-23T18:35:26","slug":"tela-mosquitera","status":"publish","type":"page","link":"https:\/\/dyck.com.py\/en\/pvc\/tela-mosquitera\/","title":{"rendered":"Tela Mosquitera Neher Transpatec\u00ae \u2013 Dyck S.A."},"content":{"rendered":"<div data-elementor-type=\"wp-page\" data-elementor-id=\"576\" class=\"elementor elementor-576\" data-elementor-post-type=\"page\">\n\t\t\t\t<div class=\"elementor-element elementor-element-26ded36 e-flex e-con-boxed e-con e-parent\" data-id=\"26ded36\" data-element_type=\"container\" data-e-type=\"container\" data-settings=\"{&quot;background_background&quot;:&quot;classic&quot;}\">\n\t\t\t\t\t<div class=\"e-con-inner\">\n\t\t<div class=\"elementor-element elementor-element-43a2500 e-con-full e-flex e-con e-child\" data-id=\"43a2500\" data-element_type=\"container\" data-e-type=\"container\">\n\t\t\t\t<div class=\"elementor-element elementor-element-32d3b74 elementor-widget__width-inherit elementor-widget elementor-widget-text-editor\" data-id=\"32d3b74\" data-element_type=\"widget\" data-e-type=\"widget\" data-widget_type=\"text-editor.default\">\n\t\t\t\t<div class=\"elementor-widget-container\">\n\t\t\t\t\t\t\t\t\t<p>Mosquito Net<\/p>\t\t\t\t\t\t\t\t<\/div>\n\t\t\t\t<\/div>\n\t\t\t\t<div class=\"elementor-element elementor-element-9645082 elementor-widget__width-inherit elementor-widget elementor-widget-heading\" data-id=\"9645082\" data-element_type=\"widget\" data-e-type=\"widget\" data-widget_type=\"heading.default\">\n\t\t\t\t<div class=\"elementor-widget-container\">\n\t\t\t\t\t<h1 class=\"elementor-heading-title elementor-size-default\">Neher Transpatec<\/h1>\t\t\t\t<\/div>\n\t\t\t\t<\/div>\n\t\t\t\t<div class=\"elementor-element elementor-element-e0be224 elementor-widget elementor-widget-text-editor\" data-id=\"e0be224\" data-element_type=\"widget\" data-e-type=\"widget\" data-widget_type=\"text-editor.default\">\n\t\t\t\t<div class=\"elementor-widget-container\">\n\t\t\t\t\t\t\t\t\t<p>Con mayor transmisi\u00f3n de luz, Transpatec es especialmente convincente debido a su brillante transparencia, ya que es casi invisible desde el interior y el exterior.<\/p>\t\t\t\t\t\t\t\t<\/div>\n\t\t\t\t<\/div>\n\t\t\t\t<div class=\"elementor-element elementor-element-351ff4a elementor-widget elementor-widget-button\" data-id=\"351ff4a\" data-element_type=\"widget\" data-e-type=\"widget\" data-widget_type=\"button.default\">\n\t\t\t\t<div class=\"elementor-widget-container\">\n\t\t\t\t\t\t\t\t\t<div class=\"elementor-button-wrapper\">\n\t\t\t\t\t<a class=\"elementor-button elementor-button-link elementor-size-sm\" href=\"#por-que\">\n\t\t\t\t\t\t<span class=\"elementor-button-content-wrapper\">\n\t\t\t\t\t\t\t\t\t<span class=\"elementor-button-text\">Quiero saber m\u00e1s<\/span>\n\t\t\t\t\t<\/span>\n\t\t\t\t\t<\/a>\n\t\t\t\t<\/div>\n\t\t\t\t\t\t\t\t<\/div>\n\t\t\t\t<\/div>\n\t\t\t\t<\/div>\n\t\t<div class=\"elementor-element elementor-element-418d598 e-con-full e-flex e-con e-child\" data-id=\"418d598\" data-element_type=\"container\" data-e-type=\"container\">\n\t\t\t\t<div class=\"elementor-element elementor-element-d78d02c elementor-widget elementor-widget-image\" data-id=\"d78d02c\" data-element_type=\"widget\" data-e-type=\"widget\" data-widget_type=\"image.default\">\n\t\t\t\t<div class=\"elementor-widget-container\">\n\t\t\t\t\t\t\t\t\t\t\t\t\t\t\t<img fetchpriority=\"high\" decoding=\"async\" width=\"600\" height=\"403\" src=\"https:\/\/dyck.com.py\/wp-content\/uploads\/2025\/06\/neher.jpg\" class=\"attachment-large size-large wp-image-578\" alt=\"\" srcset=\"https:\/\/dyck.com.py\/wp-content\/uploads\/2025\/06\/neher.jpg 600w, https:\/\/dyck.com.py\/wp-content\/uploads\/2025\/06\/neher-300x202.jpg 300w\" sizes=\"(max-width: 600px) 100vw, 600px\" \/>\t\t\t\t\t\t\t\t\t\t\t\t\t\t\t<\/div>\n\t\t\t\t<\/div>\n\t\t\t\t<\/div>\n\t\t\t\t\t<\/div>\n\t\t\t\t<\/div>\n\t\t<div class=\"elementor-element elementor-element-5dbb7c4 e-flex e-con-boxed e-con e-parent\" data-id=\"5dbb7c4\" data-element_type=\"container\" data-e-type=\"container\" id=\"por-que\" data-settings=\"{&quot;background_background&quot;:&quot;classic&quot;}\">\n\t\t\t\t\t<div class=\"e-con-inner\">\n\t\t<div class=\"elementor-element elementor-element-997f05c e-con-full e-flex e-con e-child\" data-id=\"997f05c\" data-element_type=\"container\" data-e-type=\"container\">\n\t\t\t\t<div class=\"elementor-element elementor-element-1c1a4c2 elementor-widget__width-inherit elementor-widget elementor-widget-heading\" data-id=\"1c1a4c2\" data-element_type=\"widget\" data-e-type=\"widget\" data-widget_type=\"heading.default\">\n\t\t\t\t<div class=\"elementor-widget-container\">\n\t\t\t\t\t<h2 class=\"elementor-heading-title elementor-size-default\">\u00bfPor qu\u00e9 elegir \nNeher?<\/h2>\t\t\t\t<\/div>\n\t\t\t\t<\/div>\n\t\t\t\t<div class=\"elementor-element elementor-element-e5f72ef elementor-widget__width-initial elementor-widget elementor-widget-text-editor\" data-id=\"e5f72ef\" data-element_type=\"widget\" data-e-type=\"widget\" data-widget_type=\"text-editor.default\">\n\t\t\t\t<div class=\"elementor-widget-container\">\n\t\t\t\t\t\t\t\t\t<p>\u200bEl tejido Transpatec y su novedosa t\u00e9cnica patentada tiene ventajas decisivas sobre los tejidos convencionales de protecci\u00f3n contra insectos. Adem\u00e1s de una mayor transmisi\u00f3n de luz, Transpatec es especialmente convincente debido a su brillante transparencia, ya que es casi invisible desde el interior y el exterior.<\/p>\t\t\t\t\t\t\t\t<\/div>\n\t\t\t\t<\/div>\n\t\t<div class=\"elementor-element elementor-element-c332290 e-con-full e-flex e-con e-child\" data-id=\"c332290\" data-element_type=\"container\" data-e-type=\"container\">\n\t\t<div class=\"elementor-element elementor-element-6a6f45f e-con-full e-flex e-con e-child\" data-id=\"6a6f45f\" data-element_type=\"container\" data-e-type=\"container\">\n\t\t\t\t<div class=\"elementor-element elementor-element-b2fc6d4 elementor-widget elementor-widget-image\" data-id=\"b2fc6d4\" data-element_type=\"widget\" data-e-type=\"widget\" data-widget_type=\"image.default\">\n\t\t\t\t<div class=\"elementor-widget-container\">\n\t\t\t\t\t\t\t\t\t\t\t\t\t\t\t<img decoding=\"async\" width=\"600\" height=\"338\" src=\"https:\/\/dyck.com.py\/wp-content\/uploads\/2025\/06\/Neher_Transpatec_Gewebevgl_Innen-1_600-338.jpg.webp\" class=\"attachment-large size-large wp-image-579\" alt=\"\" srcset=\"https:\/\/dyck.com.py\/wp-content\/uploads\/2025\/06\/Neher_Transpatec_Gewebevgl_Innen-1_600-338.jpg.webp 600w, https:\/\/dyck.com.py\/wp-content\/uploads\/2025\/06\/Neher_Transpatec_Gewebevgl_Innen-1_600-338.jpg-300x169.webp 300w\" sizes=\"(max-width: 600px) 100vw, 600px\" \/>\t\t\t\t\t\t\t\t\t\t\t\t\t\t\t<\/div>\n\t\t\t\t<\/div>\n\t\t<div class=\"elementor-element elementor-element-da97688 e-con-full e-flex e-con e-child\" data-id=\"da97688\" data-element_type=\"container\" data-e-type=\"container\" data-settings=\"{&quot;position&quot;:&quot;absolute&quot;}\">\n\t\t\t\t<div class=\"elementor-element elementor-element-270802f elementor-widget elementor-widget-image\" data-id=\"270802f\" data-element_type=\"widget\" data-e-type=\"widget\" data-widget_type=\"image.default\">\n\t\t\t\t<div class=\"elementor-widget-container\">\n\t\t\t\t\t\t\t\t\t\t\t\t\t\t\t<img decoding=\"async\" width=\"600\" height=\"338\" src=\"https:\/\/dyck.com.py\/wp-content\/uploads\/2025\/06\/Neher_Transpatec_Gewebede-600-338.jpg.webp\" class=\"attachment-large size-large wp-image-580\" alt=\"\" srcset=\"https:\/\/dyck.com.py\/wp-content\/uploads\/2025\/06\/Neher_Transpatec_Gewebede-600-338.jpg.webp 600w, https:\/\/dyck.com.py\/wp-content\/uploads\/2025\/06\/Neher_Transpatec_Gewebede-600-338.jpg-300x169.webp 300w\" sizes=\"(max-width: 600px) 100vw, 600px\" \/>\t\t\t\t\t\t\t\t\t\t\t\t\t\t\t<\/div>\n\t\t\t\t<\/div>\n\t\t\t\t<\/div>\n\t\t\t\t<\/div>\n\t\t<div class=\"elementor-element elementor-element-a8dd436 e-con-full e-flex e-con e-child\" data-id=\"a8dd436\" data-element_type=\"container\" data-e-type=\"container\">\n\t\t\t\t<div class=\"elementor-element elementor-element-3bdd37f elementor-widget elementor-widget-text-editor\" data-id=\"3bdd37f\" data-element_type=\"widget\" data-e-type=\"widget\" data-widget_type=\"text-editor.default\">\n\t\t\t\t<div class=\"elementor-widget-container\">\n\t\t\t\t\t\t\t\t\t<p>Las aberturas de malla individuales son m\u00e1s peque\u00f1as que en un est\u00e1ndar convencional y la protecci\u00f3n contra insectos es a\u00fan mejor.<\/p><p class=\"translation-block\">Con <strong>Transpatec<\/strong>, la salida de aire es aproximadamente 140% mejor que con un tejido est\u00e1ndar convencional. La raz\u00f3n de esto es la estructura \u00fanica de la tela: se minimiza la turbulencia de aire en la tela. M\u00e1s flujo de aire significa aire fresco en todas las habitaciones y la satisfacci\u00f3n de bienestar para toda la familia.<\/p>\t\t\t\t\t\t\t\t<\/div>\n\t\t\t\t<\/div>\n\t\t\t\t<div class=\"elementor-element elementor-element-4af455f elementor-widget elementor-widget-text-editor\" data-id=\"4af455f\" data-element_type=\"widget\" data-e-type=\"widget\" data-widget_type=\"text-editor.default\">\n\t\t\t\t<div class=\"elementor-widget-container\">\n\t\t\t\t\t\t\t\t\t<p>El tejido Transpatec de Neher impresiona con un hilo de alta tecnolog\u00eda s\u00faper fino (\u2300 0.13mm).<\/p>\t\t\t\t\t\t\t\t<\/div>\n\t\t\t\t<\/div>\n\t\t\t\t<\/div>\n\t\t\t\t<\/div>\n\t\t\t\t<\/div>\n\t\t\t\t\t<\/div>\n\t\t\t\t<\/div>\n\t\t<div class=\"elementor-element elementor-element-f7725fa e-flex e-con-boxed e-con e-parent\" data-id=\"f7725fa\" data-element_type=\"container\" data-e-type=\"container\">\n\t\t\t\t\t<div class=\"e-con-inner\">\n\t\t\t\t<div class=\"elementor-element elementor-element-f2e9ea4 elementor-widget__width-inherit elementor-widget elementor-widget-heading\" data-id=\"f2e9ea4\" data-element_type=\"widget\" data-e-type=\"widget\" data-widget_type=\"heading.default\">\n\t\t\t\t<div class=\"elementor-widget-container\">\n\t\t\t\t\t<h3 class=\"elementor-heading-title elementor-size-default\">Transpatec es ganador de los premios:<\/h3>\t\t\t\t<\/div>\n\t\t\t\t<\/div>\n\t\t\t\t\t<\/div>\n\t\t\t\t<\/div>\n\t\t<div class=\"elementor-element elementor-element-24b1a1d e-flex e-con-boxed e-con e-child\" data-id=\"24b1a1d\" data-element_type=\"container\" data-e-type=\"container\">\n\t\t\t\t\t<div class=\"e-con-inner\">\n\t\t<div class=\"elementor-element elementor-element-e8bf94f e-con-full e-flex e-con e-child\" data-id=\"e8bf94f\" data-element_type=\"container\" data-e-type=\"container\">\n\t\t\t\t<div class=\"elementor-element elementor-element-ae88b6c elementor-widget elementor-widget-image\" data-id=\"ae88b6c\" data-element_type=\"widget\" data-e-type=\"widget\" data-widget_type=\"image.default\">\n\t\t\t\t<div class=\"elementor-widget-container\">\n\t\t\t\t\t\t\t\t\t\t\t\t\t\t\t<img loading=\"lazy\" decoding=\"async\" width=\"330\" height=\"165\" src=\"https:\/\/dyck.com.py\/wp-content\/uploads\/2025\/06\/innovation-bw-2012.webp\" class=\"attachment-large size-large wp-image-642\" alt=\"\" srcset=\"https:\/\/dyck.com.py\/wp-content\/uploads\/2025\/06\/innovation-bw-2012.webp 330w, https:\/\/dyck.com.py\/wp-content\/uploads\/2025\/06\/innovation-bw-2012-300x150.webp 300w\" sizes=\"(max-width: 330px) 100vw, 330px\" \/>\t\t\t\t\t\t\t\t\t\t\t\t\t\t\t<\/div>\n\t\t\t\t<\/div>\n\t\t\t\t<div class=\"elementor-element elementor-element-e1c88a2 elementor-widget elementor-widget-text-editor\" data-id=\"e1c88a2\" data-element_type=\"widget\" data-e-type=\"widget\" data-widget_type=\"text-editor.default\">\n\t\t\t\t<div class=\"elementor-widget-container\">\n\t\t\t\t\t\t\t\t\t<p>Premio a la Innovaci\u00f3n 2012 del Estado de Baden-W\u00fcrttemberg, Dr.-Rudolf-Eberle-Prize<\/p>\t\t\t\t\t\t\t\t<\/div>\n\t\t\t\t<\/div>\n\t\t\t\t<\/div>\n\t\t<div class=\"elementor-element elementor-element-5c35ffe e-con-full e-flex e-con e-child\" data-id=\"5c35ffe\" data-element_type=\"container\" data-e-type=\"container\">\n\t\t\t\t<div class=\"elementor-element elementor-element-56265a0 elementor-widget elementor-widget-image\" data-id=\"56265a0\" data-element_type=\"widget\" data-e-type=\"widget\" data-widget_type=\"image.default\">\n\t\t\t\t<div class=\"elementor-widget-container\">\n\t\t\t\t\t\t\t\t\t\t\t\t\t\t\t<img loading=\"lazy\" decoding=\"async\" width=\"330\" height=\"165\" src=\"https:\/\/dyck.com.py\/wp-content\/uploads\/2025\/06\/rt-2012.webp\" class=\"attachment-large size-large wp-image-643\" alt=\"\" srcset=\"https:\/\/dyck.com.py\/wp-content\/uploads\/2025\/06\/rt-2012.webp 330w, https:\/\/dyck.com.py\/wp-content\/uploads\/2025\/06\/rt-2012-300x150.webp 300w\" sizes=\"(max-width: 330px) 100vw, 330px\" \/>\t\t\t\t\t\t\t\t\t\t\t\t\t\t\t<\/div>\n\t\t\t\t<\/div>\n\t\t\t\t<div class=\"elementor-element elementor-element-11fa3e3 elementor-widget elementor-widget-text-editor\" data-id=\"11fa3e3\" data-element_type=\"widget\" data-e-type=\"widget\" data-widget_type=\"text-editor.default\">\n\t\t\t\t<div class=\"elementor-widget-container\">\n\t\t\t\t\t\t\t\t\t<p>Premio a la Innovaci\u00f3n 2012 de R&amp;T, la feria l\u00edder mundial para pantallas enrollables, puertas \/ portones y protecci\u00f3n solar, en las categor\u00edas de \u00abTextiles t\u00e9cnicos\u00bb<\/p>\t\t\t\t\t\t\t\t<\/div>\n\t\t\t\t<\/div>\n\t\t\t\t<\/div>\n\t\t<div class=\"elementor-element elementor-element-f64f8f0 e-con-full e-flex e-con e-child\" data-id=\"f64f8f0\" data-element_type=\"container\" data-e-type=\"container\">\n\t\t\t\t<div class=\"elementor-element elementor-element-40409fc elementor-widget elementor-widget-image\" data-id=\"40409fc\" data-element_type=\"widget\" data-e-type=\"widget\" data-widget_type=\"image.default\">\n\t\t\t\t<div class=\"elementor-widget-container\">\n\t\t\t\t\t\t\t\t\t\t\t\t\t\t\t<img loading=\"lazy\" decoding=\"async\" width=\"330\" height=\"165\" src=\"https:\/\/dyck.com.py\/wp-content\/uploads\/2025\/06\/reddot-design-award-2011.webp\" class=\"attachment-large size-large wp-image-644\" alt=\"\" srcset=\"https:\/\/dyck.com.py\/wp-content\/uploads\/2025\/06\/reddot-design-award-2011.webp 330w, https:\/\/dyck.com.py\/wp-content\/uploads\/2025\/06\/reddot-design-award-2011-300x150.webp 300w\" sizes=\"(max-width: 330px) 100vw, 330px\" \/>\t\t\t\t\t\t\t\t\t\t\t\t\t\t\t<\/div>\n\t\t\t\t<\/div>\n\t\t\t\t<div class=\"elementor-element elementor-element-97d10e4 elementor-widget elementor-widget-text-editor\" data-id=\"97d10e4\" data-element_type=\"widget\" data-e-type=\"widget\" data-widget_type=\"text-editor.default\">\n\t\t\t\t<div class=\"elementor-widget-container\">\n\t\t\t\t\t\t\t\t\t<p>Premio de dise\u00f1o reddot 2011<\/p>\t\t\t\t\t\t\t\t<\/div>\n\t\t\t\t<\/div>\n\t\t\t\t<\/div>\n\t\t<div class=\"elementor-element elementor-element-bbc9730 e-con-full e-flex e-con e-child\" data-id=\"bbc9730\" data-element_type=\"container\" data-e-type=\"container\">\n\t\t\t\t<div class=\"elementor-element elementor-element-0ca28de elementor-widget elementor-widget-image\" data-id=\"0ca28de\" data-element_type=\"widget\" data-e-type=\"widget\" data-widget_type=\"image.default\">\n\t\t\t\t<div class=\"elementor-widget-container\">\n\t\t\t\t\t\t\t\t\t\t\t\t\t\t\t<img loading=\"lazy\" decoding=\"async\" width=\"330\" height=\"165\" src=\"https:\/\/dyck.com.py\/wp-content\/uploads\/2025\/06\/if-awards-2012-1.jpg\" class=\"attachment-large size-large wp-image-648\" alt=\"\" srcset=\"https:\/\/dyck.com.py\/wp-content\/uploads\/2025\/06\/if-awards-2012-1.jpg 330w, https:\/\/dyck.com.py\/wp-content\/uploads\/2025\/06\/if-awards-2012-1-300x150.jpg 300w\" sizes=\"(max-width: 330px) 100vw, 330px\" \/>\t\t\t\t\t\t\t\t\t\t\t\t\t\t\t<\/div>\n\t\t\t\t<\/div>\n\t\t\t\t<div class=\"elementor-element elementor-element-5201bfc elementor-widget elementor-widget-text-editor\" data-id=\"5201bfc\" data-element_type=\"widget\" data-e-type=\"widget\" data-widget_type=\"text-editor.default\">\n\t\t\t\t<div class=\"elementor-widget-container\">\n\t\t\t\t\t\t\t\t\t<p>Premio iFdesign 2012<\/p>\t\t\t\t\t\t\t\t<\/div>\n\t\t\t\t<\/div>\n\t\t\t\t<\/div>\n\t\t\t\t\t<\/div>\n\t\t\t\t<\/div>\n\t\t\t\t<\/div>","protected":false},"excerpt":{"rendered":"<p>Tela Mosquitera Neher Transpatec Con mayor transmisi\u00f3n de luz, Transpatec es especialmente convincente debido a su brillante transparencia, ya que es casi invisible desde el interior y el exterior. Quiero saber m\u00e1s \u00bfPor qu\u00e9 elegir Neher? \u200bEl tejido Transpatec y su novedosa t\u00e9cnica patentada tiene ventajas decisivas sobre los tejidos convencionales de protecci\u00f3n contra insectos. [&hellip;]<\/p>\n","protected":false},"author":5,"featured_media":0,"parent":752,"menu_order":0,"comment_status":"closed","ping_status":"closed","template":"elementor_header_footer","meta":{"_joinchat":[],"footnotes":""},"class_list":["post-576","page","type-page","status-publish","hentry"],"yoast_head":"<!-- This site is optimized with the Yoast SEO plugin v27.3 - https:\/\/yoast.com\/product\/yoast-seo-wordpress\/ -->\n<title>Tela Mosquitera | Protecci\u00f3n y Comodidad<\/title>\n<meta name=\"description\" content=\"Proteg\u00e9 tu hogar con tela mosquitera. Soluci\u00f3n eficiente contra insectos, adaptable a ventanas y puertas de PVC.\" \/>\n<meta name=\"robots\" content=\"index, follow, max-snippet:-1, max-image-preview:large, max-video-preview:-1\" \/>\n<link rel=\"canonical\" href=\"https:\/\/dyck.com.py\/en\/pvc\/tela-mosquitera\/\" \/>\n<meta property=\"og:locale\" content=\"en_US\" \/>\n<meta property=\"og:type\" content=\"article\" \/>\n<meta property=\"og:title\" content=\"Tela Mosquitera | Protecci\u00f3n y Comodidad\" \/>\n<meta property=\"og:description\" content=\"Proteg\u00e9 tu hogar con tela mosquitera. Soluci\u00f3n eficiente contra insectos, adaptable a ventanas y puertas de PVC.\" \/>\n<meta property=\"og:url\" content=\"https:\/\/dyck.com.py\/en\/pvc\/tela-mosquitera\/\" \/>\n<meta property=\"og:site_name\" content=\"Dyck\" \/>\n<meta property=\"article:publisher\" content=\"https:\/\/www.facebook.com\/dycksa\/\" \/>\n<meta property=\"article:modified_time\" content=\"2025-07-23T18:35:26+00:00\" \/>\n<meta property=\"og:image\" content=\"https:\/\/dyck.com.py\/wp-content\/uploads\/2025\/06\/neher.jpg\" \/>\n\t<meta property=\"og:image:width\" content=\"600\" \/>\n\t<meta property=\"og:image:height\" content=\"403\" \/>\n\t<meta property=\"og:image:type\" content=\"image\/jpeg\" \/>\n<meta name=\"twitter:card\" content=\"summary_large_image\" \/>\n<meta name=\"twitter:label1\" content=\"Est. reading time\" \/>\n\t<meta name=\"twitter:data1\" content=\"3 minutes\" \/>\n<script type=\"application\/ld+json\" class=\"yoast-schema-graph\">{\"@context\":\"https:\\\/\\\/schema.org\",\"@graph\":[{\"@type\":\"WebPage\",\"@id\":\"https:\\\/\\\/dyck.com.py\\\/pvc\\\/tela-mosquitera\\\/\",\"url\":\"https:\\\/\\\/dyck.com.py\\\/pvc\\\/tela-mosquitera\\\/\",\"name\":\"Tela Mosquitera | Protecci\u00f3n y Comodidad\",\"isPartOf\":{\"@id\":\"https:\\\/\\\/dyck.com.py\\\/#website\"},\"primaryImageOfPage\":{\"@id\":\"https:\\\/\\\/dyck.com.py\\\/pvc\\\/tela-mosquitera\\\/#primaryimage\"},\"image\":{\"@id\":\"https:\\\/\\\/dyck.com.py\\\/pvc\\\/tela-mosquitera\\\/#primaryimage\"},\"thumbnailUrl\":\"https:\\\/\\\/dyck.com.py\\\/wp-content\\\/uploads\\\/2025\\\/06\\\/neher.jpg\",\"datePublished\":\"2025-06-10T17:54:03+00:00\",\"dateModified\":\"2025-07-23T18:35:26+00:00\",\"description\":\"Proteg\u00e9 tu hogar con tela mosquitera. Soluci\u00f3n eficiente contra insectos, adaptable a ventanas y puertas de PVC.\",\"breadcrumb\":{\"@id\":\"https:\\\/\\\/dyck.com.py\\\/pvc\\\/tela-mosquitera\\\/#breadcrumb\"},\"inLanguage\":\"en-US\",\"potentialAction\":[{\"@type\":\"ReadAction\",\"target\":[\"https:\\\/\\\/dyck.com.py\\\/pvc\\\/tela-mosquitera\\\/\"]}]},{\"@type\":\"ImageObject\",\"inLanguage\":\"en-US\",\"@id\":\"https:\\\/\\\/dyck.com.py\\\/pvc\\\/tela-mosquitera\\\/#primaryimage\",\"url\":\"https:\\\/\\\/dyck.com.py\\\/wp-content\\\/uploads\\\/2025\\\/06\\\/neher.jpg\",\"contentUrl\":\"https:\\\/\\\/dyck.com.py\\\/wp-content\\\/uploads\\\/2025\\\/06\\\/neher.jpg\"},{\"@type\":\"BreadcrumbList\",\"@id\":\"https:\\\/\\\/dyck.com.py\\\/pvc\\\/tela-mosquitera\\\/#breadcrumb\",\"itemListElement\":[{\"@type\":\"ListItem\",\"position\":1,\"name\":\"Portada\",\"item\":\"https:\\\/\\\/dyck.com.py\\\/\"},{\"@type\":\"ListItem\",\"position\":2,\"name\":\"Sistemas de PVC\",\"item\":\"https:\\\/\\\/dyck.com.py\\\/pvc\\\/\"},{\"@type\":\"ListItem\",\"position\":3,\"name\":\"Tela Mosquitera Neher Transpatec\u00ae \u2013 Dyck S.A.\"}]},{\"@type\":\"WebSite\",\"@id\":\"https:\\\/\\\/dyck.com.py\\\/#website\",\"url\":\"https:\\\/\\\/dyck.com.py\\\/\",\"name\":\"Dyck Aberturas\",\"description\":\"Expertos en Aberturas de PVC\",\"publisher\":{\"@id\":\"https:\\\/\\\/dyck.com.py\\\/#organization\"},\"potentialAction\":[{\"@type\":\"SearchAction\",\"target\":{\"@type\":\"EntryPoint\",\"urlTemplate\":\"https:\\\/\\\/dyck.com.py\\\/?s={search_term_string}\"},\"query-input\":{\"@type\":\"PropertyValueSpecification\",\"valueRequired\":true,\"valueName\":\"search_term_string\"}}],\"inLanguage\":\"en-US\"},{\"@type\":\"Organization\",\"@id\":\"https:\\\/\\\/dyck.com.py\\\/#organization\",\"name\":\"Dyck Aberturas\",\"url\":\"https:\\\/\\\/dyck.com.py\\\/\",\"logo\":{\"@type\":\"ImageObject\",\"inLanguage\":\"en-US\",\"@id\":\"https:\\\/\\\/dyck.com.py\\\/#\\\/schema\\\/logo\\\/image\\\/\",\"url\":\"https:\\\/\\\/dyck.com.py\\\/wp-content\\\/uploads\\\/2025\\\/06\\\/dyck-aberturas-logo.webp\",\"contentUrl\":\"https:\\\/\\\/dyck.com.py\\\/wp-content\\\/uploads\\\/2025\\\/06\\\/dyck-aberturas-logo.webp\",\"width\":500,\"height\":176,\"caption\":\"Dyck Aberturas\"},\"image\":{\"@id\":\"https:\\\/\\\/dyck.com.py\\\/#\\\/schema\\\/logo\\\/image\\\/\"},\"sameAs\":[\"https:\\\/\\\/www.facebook.com\\\/dycksa\\\/\",\"https:\\\/\\\/www.instagram.com\\\/dyck_sa\\\/\"]}]}<\/script>\n<!-- \/ Yoast SEO plugin. -->","yoast_head_json":{"title":"Tela Mosquitera | Protecci\u00f3n y Comodidad","description":"Proteg\u00e9 tu hogar con tela mosquitera. Soluci\u00f3n eficiente contra insectos, adaptable a ventanas y puertas de PVC.","robots":{"index":"index","follow":"follow","max-snippet":"max-snippet:-1","max-image-preview":"max-image-preview:large","max-video-preview":"max-video-preview:-1"},"canonical":"https:\/\/dyck.com.py\/en\/pvc\/tela-mosquitera\/","og_locale":"en_US","og_type":"article","og_title":"Tela Mosquitera | Protecci\u00f3n y Comodidad","og_description":"Proteg\u00e9 tu hogar con tela mosquitera. Soluci\u00f3n eficiente contra insectos, adaptable a ventanas y puertas de PVC.","og_url":"https:\/\/dyck.com.py\/en\/pvc\/tela-mosquitera\/","og_site_name":"Dyck","article_publisher":"https:\/\/www.facebook.com\/dycksa\/","article_modified_time":"2025-07-23T18:35:26+00:00","og_image":[{"width":600,"height":403,"url":"https:\/\/dyck.com.py\/wp-content\/uploads\/2025\/06\/neher.jpg","type":"image\/jpeg"}],"twitter_card":"summary_large_image","twitter_misc":{"Est. reading time":"3 minutes"},"schema":{"@context":"https:\/\/schema.org","@graph":[{"@type":"WebPage","@id":"https:\/\/dyck.com.py\/pvc\/tela-mosquitera\/","url":"https:\/\/dyck.com.py\/pvc\/tela-mosquitera\/","name":"Tela Mosquitera | Protecci\u00f3n y Comodidad","isPartOf":{"@id":"https:\/\/dyck.com.py\/#website"},"primaryImageOfPage":{"@id":"https:\/\/dyck.com.py\/pvc\/tela-mosquitera\/#primaryimage"},"image":{"@id":"https:\/\/dyck.com.py\/pvc\/tela-mosquitera\/#primaryimage"},"thumbnailUrl":"https:\/\/dyck.com.py\/wp-content\/uploads\/2025\/06\/neher.jpg","datePublished":"2025-06-10T17:54:03+00:00","dateModified":"2025-07-23T18:35:26+00:00","description":"Proteg\u00e9 tu hogar con tela mosquitera. Soluci\u00f3n eficiente contra insectos, adaptable a ventanas y puertas de PVC.","breadcrumb":{"@id":"https:\/\/dyck.com.py\/pvc\/tela-mosquitera\/#breadcrumb"},"inLanguage":"en-US","potentialAction":[{"@type":"ReadAction","target":["https:\/\/dyck.com.py\/pvc\/tela-mosquitera\/"]}]},{"@type":"ImageObject","inLanguage":"en-US","@id":"https:\/\/dyck.com.py\/pvc\/tela-mosquitera\/#primaryimage","url":"https:\/\/dyck.com.py\/wp-content\/uploads\/2025\/06\/neher.jpg","contentUrl":"https:\/\/dyck.com.py\/wp-content\/uploads\/2025\/06\/neher.jpg"},{"@type":"BreadcrumbList","@id":"https:\/\/dyck.com.py\/pvc\/tela-mosquitera\/#breadcrumb","itemListElement":[{"@type":"ListItem","position":1,"name":"Portada","item":"https:\/\/dyck.com.py\/"},{"@type":"ListItem","position":2,"name":"Sistemas de PVC","item":"https:\/\/dyck.com.py\/pvc\/"},{"@type":"ListItem","position":3,"name":"Tela Mosquitera Neher Transpatec\u00ae \u2013 Dyck S.A."}]},{"@type":"WebSite","@id":"https:\/\/dyck.com.py\/#website","url":"https:\/\/dyck.com.py\/","name":"Dyck Aberturas","description":"Expertos en Aberturas de PVC","publisher":{"@id":"https:\/\/dyck.com.py\/#organization"},"potentialAction":[{"@type":"SearchAction","target":{"@type":"EntryPoint","urlTemplate":"https:\/\/dyck.com.py\/?s={search_term_string}"},"query-input":{"@type":"PropertyValueSpecification","valueRequired":true,"valueName":"search_term_string"}}],"inLanguage":"en-US"},{"@type":"Organization","@id":"https:\/\/dyck.com.py\/#organization","name":"Dyck Aberturas","url":"https:\/\/dyck.com.py\/","logo":{"@type":"ImageObject","inLanguage":"en-US","@id":"https:\/\/dyck.com.py\/#\/schema\/logo\/image\/","url":"https:\/\/dyck.com.py\/wp-content\/uploads\/2025\/06\/dyck-aberturas-logo.webp","contentUrl":"https:\/\/dyck.com.py\/wp-content\/uploads\/2025\/06\/dyck-aberturas-logo.webp","width":500,"height":176,"caption":"Dyck Aberturas"},"image":{"@id":"https:\/\/dyck.com.py\/#\/schema\/logo\/image\/"},"sameAs":["https:\/\/www.facebook.com\/dycksa\/","https:\/\/www.instagram.com\/dyck_sa\/"]}]}},"_links":{"self":[{"href":"https:\/\/dyck.com.py\/en\/wp-json\/wp\/v2\/pages\/576","targetHints":{"allow":["GET"]}}],"collection":[{"href":"https:\/\/dyck.com.py\/en\/wp-json\/wp\/v2\/pages"}],"about":[{"href":"https:\/\/dyck.com.py\/en\/wp-json\/wp\/v2\/types\/page"}],"author":[{"embeddable":true,"href":"https:\/\/dyck.com.py\/en\/wp-json\/wp\/v2\/users\/5"}],"replies":[{"embeddable":true,"href":"https:\/\/dyck.com.py\/en\/wp-json\/wp\/v2\/comments?post=576"}],"version-history":[{"count":36,"href":"https:\/\/dyck.com.py\/en\/wp-json\/wp\/v2\/pages\/576\/revisions"}],"predecessor-version":[{"id":1589,"href":"https:\/\/dyck.com.py\/en\/wp-json\/wp\/v2\/pages\/576\/revisions\/1589"}],"up":[{"embeddable":true,"href":"https:\/\/dyck.com.py\/en\/wp-json\/wp\/v2\/pages\/752"}],"wp:attachment":[{"href":"https:\/\/dyck.com.py\/en\/wp-json\/wp\/v2\/media?parent=576"}],"curies":[{"name":"wp","href":"https:\/\/api.w.org\/{rel}","templated":true}]}}